{"id":2,"date":"2018-10-12T17:32:36","date_gmt":"2018-10-12T15:32:36","guid":{"rendered":"http:\/\/www.xn--rolf-sthring-jlb.de\/?page_id=2"},"modified":"2018-12-10T12:57:21","modified_gmt":"2018-12-10T11:57:21","slug":"beispiel-seite","status":"publish","type":"page","link":"http:\/\/www.rolf-st\u00fchring.de\/","title":{"rendered":"Start"},"content":{"rendered":"<h3>Unsere Aufgabenbereiche<\/h3>\n<p>Egal ob B\u00e4der, K\u00fcchen oder Wohnbereiche im Innenraum oder Terrassen und Balkone im Au\u00dfenbereich, wir stellen uns jeder Herausforderung und freuen uns darauf, Ihre Ideen umzusetzen.<\/p>\n<p>Mit langj\u00e4hriger Erfahrung und Leidenschaft gestalten wir f\u00fcr Sie Wohlf\u00fchloasen, moderne Wohnbereiche, gem\u00fctliche Familientreffpunkte und einladende Sonnenpl\u00e4tze &#8211; ganz nach Ihrem Geschmack und an Ihre Bed\u00fcrfnisse angepasst!<\/p>\n","protected":false},"excerpt":{"rendered":"<p>Unsere Aufgabenbereiche Egal ob B\u00e4der, K\u00fcchen oder Wohnbereiche im Innenraum oder Terrassen und Balkone im Au\u00dfenbereich, wir stellen uns jeder Herausforderung und freuen uns darauf, Ihre Ideen umzusetzen. Mit langj\u00e4hriger Erfahrung und Leidenschaft gestalten wir f\u00fcr Sie Wohlf\u00fchloasen, moderne Wohnbereiche, gem\u00fctliche Familientreffpunkte und einladende Sonnenpl\u00e4tze &#8211; ganz nach Ihrem Geschmack und an Ihre Bed\u00fcrfnisse angepasst!<\/p>\n","protected":false},"author":1,"featured_media":0,"parent":0,"menu_order":0,"comment_status":"closed","ping_status":"open","template":"","meta":[],"_links":{"self":[{"href":"http:\/\/www.rolf-st\u00fchring.de\/index.php?rest_route=\/wp\/v2\/pages\/2"}],"collection":[{"href":"http:\/\/www.rolf-st\u00fchring.de\/index.php?rest_route=\/wp\/v2\/pages"}],"about":[{"href":"http:\/\/www.rolf-st\u00fchring.de\/index.php?rest_route=\/wp\/v2\/types\/page"}],"author":[{"embeddable":true,"href":"http:\/\/www.rolf-st\u00fchring.de\/index.php?rest_route=\/wp\/v2\/users\/1"}],"replies":[{"embeddable":true,"href":"http:\/\/www.rolf-st\u00fchring.de\/index.php?rest_route=%2Fwp%2Fv2%2Fcomments&post=2"}],"version-history":[{"count":4,"href":"http:\/\/www.rolf-st\u00fchring.de\/index.php?rest_route=\/wp\/v2\/pages\/2\/revisions"}],"predecessor-version":[{"id":111,"href":"http:\/\/www.rolf-st\u00fchring.de\/index.php?rest_route=\/wp\/v2\/pages\/2\/revisions\/111"}],"wp:attachment":[{"href":"http:\/\/www.rolf-st\u00fchring.de\/index.php?rest_route=%2Fwp%2Fv2%2Fmedia&parent=2"}],"curies":[{"name":"wp","href":"https:\/\/api.w.org\/{rel}","templated":true}]}}